{"id":783,"date":"2024-06-27T14:36:27","date_gmt":"2024-06-27T12:36:27","guid":{"rendered":"https:\/\/design-bude.de\/?page_id=783"},"modified":"2024-07-01T08:32:36","modified_gmt":"2024-07-01T06:32:36","slug":"welcome-2-2","status":"publish","type":"page","link":"https:\/\/fewo-elke-usedom.de\/?page_id=783","title":{"rendered":"Ausflugstipps"},"content":{"rendered":"\n<style type=\"text\/css\" data-created_by=\"avia_inline_auto\" id=\"style-css-av-lxx94s51-d09acf1e80d540c3752dac6bd969574b\">\n.avia-accordion.av-lxx94s51-d09acf1e80d540c3752dac6bd969574b{\nmax-height:430px;\n}\n.avia-accordion.av-lxx94s51-d09acf1e80d540c3752dac6bd969574b .aviaccordion-preview{\nwidth:17.1%;\n}\n.avia-accordion .aviaccordion-slide.av-lxx94s51-d09acf1e80d540c3752dac6bd969574b__0{\nleft:0%;\n}\n.avia-accordion .aviaccordion-slide.av-lxx94s51-d09acf1e80d540c3752dac6bd969574b__1{\nleft:16.666666666667%;\n}\n.avia-accordion .aviaccordion-slide.av-lxx94s51-d09acf1e80d540c3752dac6bd969574b__2{\nleft:33.333333333333%;\n}\n.avia-accordion .aviaccordion-slide.av-lxx94s51-d09acf1e80d540c3752dac6bd969574b__3{\nleft:50%;\n}\n.avia-accordion .aviaccordion-slide.av-lxx94s51-d09acf1e80d540c3752dac6bd969574b__4{\nleft:66.666666666667%;\n}\n.avia-accordion .aviaccordion-slide.av-lxx94s51-d09acf1e80d540c3752dac6bd969574b__5{\nleft:83.333333333333%;\n}\n<\/style>\n<div  id=\"accordion_slider_1\"  class='aviaccordion avia-accordion av-lxx94s51-d09acf1e80d540c3752dac6bd969574b aviaccordion-title-active av-slideshow-manual av-loop-once ' data-slideshow-options=\"{&quot;interval&quot;:5,&quot;autoplay&quot;:false,&quot;loop_autoplay&quot;:&quot;once&quot;}\"  itemscope=\"itemscope\" itemtype=\"https:\/\/schema.org\/Blog\" ><ul class=\"aviaccordion-inner\"><li class='aviaccordion-slide av-lxx94s51-d09acf1e80d540c3752dac6bd969574b__0 aviaccordion-slide-1' data-av-left='0'  itemscope=\"itemscope\" itemtype=\"https:\/\/schema.org\/CreativeWork\" ><a class='aviaccordion-slide-link noHover' href=\"http:\/\/www.tierparkwolgast.de\/\" target='_blank' rel=\"noopener\"><div class='aviaccordion-preview '><div class=\"aviaccordion-preview-title-pos\"><div class=\"aviaccordion-preview-title-wrap\"><div class=\"aviaccordion-preview-title\"><h3 class='aviaccordion-title '  itemprop=\"headline\" >Tierpark Wogast<\/h3><\/div><\/div><\/div><\/div><img loading=\"lazy\" decoding=\"async\" width=\"750\" height=\"430\" src=\"https:\/\/fewo-elke-usedom.de\/wp-content\/uploads\/2024\/06\/tierpark-750x430.jpg\" class=\"aviaccordion-image\" alt=\"Der Familientierpark in Wolgast dem Tor zur Insel Usedom\" \/><\/a><\/li><li class='aviaccordion-slide av-lxx94s51-d09acf1e80d540c3752dac6bd969574b__1 aviaccordion-slide-2' data-av-left='16.666666666667'  itemscope=\"itemscope\" itemtype=\"https:\/\/schema.org\/CreativeWork\" ><a class='aviaccordion-slide-link noHover' href=\"https:\/\/www.weisse-duene.com\/toerns.html\" target='_blank' rel=\"noopener\"><div class='aviaccordion-preview '><div class=\"aviaccordion-preview-title-pos\"><div class=\"aviaccordion-preview-title-wrap\"><div class=\"aviaccordion-preview-title\"><h3 class='aviaccordion-title '  itemprop=\"headline\" >Weisse D\u00fchne<\/h3><\/div><\/div><\/div><\/div><img loading=\"lazy\" decoding=\"async\" width=\"750\" height=\"430\" src=\"https:\/\/fewo-elke-usedom.de\/wp-content\/uploads\/2024\/06\/weisse-duehne-750x430.jpg\" class=\"aviaccordion-image\" alt=\"Weisse D\u00fchne&quot; subtitle=&quot;Romantik, Abenteuer und Genuss, Erlebnistouren unter Segeln\" \/><\/a><\/li><li class='aviaccordion-slide av-lxx94s51-d09acf1e80d540c3752dac6bd969574b__2 aviaccordion-slide-3' data-av-left='33.333333333333'  itemscope=\"itemscope\" itemtype=\"https:\/\/schema.org\/CreativeWork\" ><a class='aviaccordion-slide-link noHover' href=\"http:\/\/museum-peenemuende.de\" target='_blank' rel=\"noopener\"><div class='aviaccordion-preview '><div class=\"aviaccordion-preview-title-pos\"><div class=\"aviaccordion-preview-title-wrap\"><div class=\"aviaccordion-preview-title\"><h3 class='aviaccordion-title '  itemprop=\"headline\" >Peenem\u00fcnde<\/h3><\/div><\/div><\/div><\/div><img loading=\"lazy\" decoding=\"async\" width=\"750\" height=\"430\" src=\"https:\/\/fewo-elke-usedom.de\/wp-content\/uploads\/2024\/06\/Peenemuende-750x430.jpg\" class=\"aviaccordion-image\" alt=\"Historisch-Technisches Informationszentrum Peenem\u00fcnde\" \/><\/a><\/li><li class='aviaccordion-slide av-lxx94s51-d09acf1e80d540c3752dac6bd969574b__3 aviaccordion-slide-4' data-av-left='50'  itemscope=\"itemscope\" itemtype=\"https:\/\/schema.org\/CreativeWork\" ><a class='aviaccordion-slide-link noHover' href=\"http:\/\/www.mamilade.de\" target='_blank' rel=\"noopener\"><div class='aviaccordion-preview '><div class=\"aviaccordion-preview-title-pos\"><div class=\"aviaccordion-preview-title-wrap\"><div class=\"aviaccordion-preview-title\"><h3 class='aviaccordion-title '  itemprop=\"headline\" >Mamilada<\/h3><\/div><\/div><\/div><\/div><img loading=\"lazy\" decoding=\"async\" width=\"750\" height=\"430\" src=\"https:\/\/fewo-elke-usedom.de\/wp-content\/uploads\/2024\/06\/mamilada-750x430.jpg\" class=\"aviaccordion-image\" alt=\"Die Besten Ausflugtips f\u00fcr Eltern + Kinder\" \/><\/a><\/li><li class='aviaccordion-slide av-lxx94s51-d09acf1e80d540c3752dac6bd969574b__4 aviaccordion-slide-5' data-av-left='66.666666666667'  itemscope=\"itemscope\" itemtype=\"https:\/\/schema.org\/CreativeWork\" ><a class='aviaccordion-slide-link noHover' href=\"http:\/\/www.karls.de\/koserow.html\" target='_blank' rel=\"noopener\"><div class='aviaccordion-preview '><div class=\"aviaccordion-preview-title-pos\"><div class=\"aviaccordion-preview-title-wrap\"><div class=\"aviaccordion-preview-title\"><h3 class='aviaccordion-title '  itemprop=\"headline\" >Karls Erlebnisdorf Koserow<\/h3><\/div><\/div><\/div><\/div><img loading=\"lazy\" decoding=\"async\" width=\"750\" height=\"430\" src=\"https:\/\/fewo-elke-usedom.de\/wp-content\/uploads\/2024\/06\/karls-erdbeerhof-750x430.jpg\" class=\"aviaccordion-image\" alt=\"L\u00e4ndliche Erlebnisse und Attraktionen f\u00fcr Gro\u00df + Klein\" \/><\/a><\/li><li class='aviaccordion-slide av-lxx94s51-d09acf1e80d540c3752dac6bd969574b__5 aviaccordion-slide-6' data-av-left='83.333333333333'  itemscope=\"itemscope\" itemtype=\"https:\/\/schema.org\/CreativeWork\" ><a class='aviaccordion-slide-link noHover' href=\"http:\/\/www.kaiserbaeder-auf-usedom.de\" target='_blank' rel=\"noopener\"><div class='aviaccordion-preview '><div class=\"aviaccordion-preview-title-pos\"><div class=\"aviaccordion-preview-title-wrap\"><div class=\"aviaccordion-preview-title\"><h3 class='aviaccordion-title '  itemprop=\"headline\" >Kaiserb\u00e4der auf Usedom<\/h3><\/div><\/div><\/div><\/div><img loading=\"lazy\" decoding=\"async\" width=\"750\" height=\"430\" src=\"https:\/\/fewo-elke-usedom.de\/wp-content\/uploads\/2024\/06\/dreikaiserbaeder-750x430.jpg\" class=\"aviaccordion-image\" alt=\"\" \/><\/a><\/li><\/ul><div class='aviaccordion-spacer' style='padding-bottom:28.666666666667%'><\/div><\/div>\n\n<style type=\"text\/css\" data-created_by=\"avia_inline_auto\" id=\"style-css-av-7d75ou-7476c7e365a6710878867cb9f9d159be\">\n.avia-section.av-7d75ou-7476c7e365a6710878867cb9f9d159be{\nbackground-repeat:no-repeat;\nbackground-image:url(https:\/\/fewo-elke-usedom.de\/wp-content\/uploads\/2015\/07\/ornament-bg-top-small-1-1.png);\nbackground-position:50% 0%;\nbackground-attachment:scroll;\n}\n.avia-section.av-7d75ou-7476c7e365a6710878867cb9f9d159be .av-extra-border-element .av-extra-border-inner{\nbackground-color:#ffffff;\n}\n<\/style>\n<div id='av_section_1'  class='avia-section av-7d75ou-7476c7e365a6710878867cb9f9d159be main_color avia-section-huge avia-no-border-styling  avia-builder-el-1  el_after_av_slideshow_accordion  avia-builder-el-last  avia-full-contain avia-bg-style-scroll av-arrow-down-section container_wrap fullsize'  data-section-bg-repeat='contain'><div class='container av-section-cont-open' ><div class='template-page content  av-content-full alpha units'><div class='post-entry post-entry-type-page post-entry-783'><div class='entry-content-wrapper clearfix'>\n\n<style type=\"text\/css\" data-created_by=\"avia_inline_auto\" id=\"style-css-av-77rcb2-96fc8b3151d234b741d2bfa80b41adbb\">\n#top .flex_column.av-77rcb2-96fc8b3151d234b741d2bfa80b41adbb{\nmargin-top:0;\nmargin-bottom:0;\n}\n.flex_column.av-77rcb2-96fc8b3151d234b741d2bfa80b41adbb{\nborder-radius:0px 0px 0px 0px;\npadding:30px 30px 30px 30px;\nbackground-color:#ffffff;\n}\n.responsive #top #wrap_all .flex_column.av-77rcb2-96fc8b3151d234b741d2bfa80b41adbb{\nmargin-top:0;\nmargin-bottom:0;\n}\n<\/style>\n<div  class='flex_column av-77rcb2-96fc8b3151d234b741d2bfa80b41adbb av_one_full  avia-builder-el-2  avia-builder-el-no-sibling  first flex_column_div  '     ><p>\n<style type=\"text\/css\" data-created_by=\"avia_inline_auto\" id=\"style-css-av-3cjojy-f86cde9eb21e70e124c5e1f3a3800e79\">\n#top .av-special-heading.av-3cjojy-f86cde9eb21e70e124c5e1f3a3800e79{\npadding-bottom:20px;\n}\nbody .av-special-heading.av-3cjojy-f86cde9eb21e70e124c5e1f3a3800e79 .av-special-heading-tag .heading-char{\nfont-size:25px;\n}\n.av-special-heading.av-3cjojy-f86cde9eb21e70e124c5e1f3a3800e79 .av-subheading{\nfont-size:15px;\n}\n<\/style>\n<div  class='av-special-heading av-3cjojy-f86cde9eb21e70e124c5e1f3a3800e79 av-special-heading-h2 blockquote modern-quote modern-centered  avia-builder-el-3  el_before_av_masonry_gallery  avia-builder-el-no-sibling '><h2 class='av-special-heading-tag'  itemprop=\"headline\"  >Ausflugstips<\/h2><div class='av-subheading av-subheading_below'><p> f\u00fcr Gro\u00df und Klein<\/p>\n<\/div><div class=\"special-heading-border\"><div class=\"special-heading-inner-border\"><\/div><\/div><\/div><br \/>\n<div id='av-masonry-1' class='av-masonry av-lxx9feoz-f41dd8a5117ebb73e03c79552ae36508 noHover av-flex-size av-large-gap av-hover-overlay-active av-masonry-animation-active av-masonry-col-3 av-caption-always av-caption-style-overlay av-masonry-gallery ' data-post_id=\"783\"><div class=\"av-masonry-container isotope av-js-disabled\"><div class='av-masonry-entry isotope-item av-masonry-item-no-image '><\/div><a href=\"http:\/\/www.tierparkwolgast.de\" aria-label=\"Bild Tierpark Wolgast\" target=\"_blank\" rel=\"noopener noreferrer\" id='av-masonry-1-item-789' data-av-masonry-item='789' class='av-masonry-entry isotope-item post-789 attachment type-attachment status-inherit hentry  av-masonry-item-with-image' title=\"Tierpark Wolgast\" alt=\"Der Familientierpark in Wolgast dem Tor zur Insel Usedom\" data-av-masonry-custom-link=\"http:\/\/www.tierparkwolgast.de\" itemprop=\"thumbnailUrl\"><div class='av-inner-masonry-sizer'><\/div><figure class='av-inner-masonry main_color'><div class=\"av-masonry-outerimage-container\"><div class='av-masonry-image-container'   ><img decoding=\"async\" width=\"750\" height=\"430\" fetchpriority=\"high\" class=\"wp-image-789 avia-img-lazy-loading-not-789\"  src=\"https:\/\/fewo-elke-usedom.de\/wp-content\/uploads\/2024\/06\/tierpark-750x430.jpg\" title=\"Tierpark Wolgast\" alt=\"Der Familientierpark in Wolgast dem Tor zur Insel Usedom\" \/><\/div><\/div><figcaption class='av-inner-masonry-content site-background'><div class='av-inner-masonry-content-pos'><div class='av-inner-masonry-content-pos-content'><div class='avia-arrow'><\/div><div class='av-masonry-entry-content entry-content'  itemprop=\"text\" >Tierpark Wolgast<\/div><\/div><\/div><\/figcaption><\/figure><\/a><!--end av-masonry entry--><a href=\"https:\/\/www.weisse-duene.com\/toerns.html\" aria-label=\"Bild Weisse D\u00fchne\" target=\"_blank\" rel=\"noopener noreferrer\" id='av-masonry-1-item-790' data-av-masonry-item='790' class='av-masonry-entry isotope-item post-790 attachment type-attachment status-inherit hentry  av-masonry-item-with-image' title=\"Weisse D\u00fchne\" alt=\"Weisse D\u00fchne&quot; subtitle=&quot;Romantik, Abenteuer und Genuss, Erlebnistouren unter Segeln\" data-av-masonry-custom-link=\"https:\/\/www.weisse-duene.com\/toerns.html\" itemprop=\"thumbnailUrl\"><div class='av-inner-masonry-sizer'><\/div><figure class='av-inner-masonry main_color'><div class=\"av-masonry-outerimage-container\"><div class='av-masonry-image-container'   ><img decoding=\"async\" width=\"750\" height=\"430\" fetchpriority=\"high\" class=\"wp-image-790 avia-img-lazy-loading-not-790\"  src=\"https:\/\/fewo-elke-usedom.de\/wp-content\/uploads\/2024\/06\/weisse-duehne-750x430.jpg\" title=\"Weisse D\u00fchne\" alt=\"Weisse D\u00fchne&quot; subtitle=&quot;Romantik, Abenteuer und Genuss, Erlebnistouren unter Segeln\" \/><\/div><\/div><figcaption class='av-inner-masonry-content site-background'><div class='av-inner-masonry-content-pos'><div class='av-inner-masonry-content-pos-content'><div class='avia-arrow'><\/div><div class='av-masonry-entry-content entry-content'  itemprop=\"text\" >Weisse D\u00fchne<\/div><\/div><\/div><\/figcaption><\/figure><\/a><!--end av-masonry entry--><a href=\"http:\/\/museum-peenemuende.de\" aria-label=\"Bild Pennem\u00fcnde\" target=\"_blank\" rel=\"noopener noreferrer\" id='av-masonry-1-item-788' data-av-masonry-item='788' class='av-masonry-entry isotope-item post-788 attachment type-attachment status-inherit hentry  av-masonry-item-with-image' title=\"Pennem\u00fcnde\" alt=\"Historisch-Technisches Informationszentrum Peenem\u00fcnde\" data-av-masonry-custom-link=\"http:\/\/museum-peenemuende.de\" itemprop=\"thumbnailUrl\"><div class='av-inner-masonry-sizer'><\/div><figure class='av-inner-masonry main_color'><div class=\"av-masonry-outerimage-container\"><div class='av-masonry-image-container'   ><img decoding=\"async\" width=\"750\" height=\"430\" fetchpriority=\"high\" class=\"wp-image-788 avia-img-lazy-loading-not-788\"  src=\"https:\/\/fewo-elke-usedom.de\/wp-content\/uploads\/2024\/06\/Peenemuende-750x430.jpg\" title=\"Pennem\u00fcnde\" alt=\"Historisch-Technisches Informationszentrum Peenem\u00fcnde\" \/><\/div><\/div><figcaption class='av-inner-masonry-content site-background'><div class='av-inner-masonry-content-pos'><div class='av-inner-masonry-content-pos-content'><div class='avia-arrow'><\/div><div class='av-masonry-entry-content entry-content'  itemprop=\"text\" >Pennem\u00fcnde<\/div><\/div><\/div><\/figcaption><\/figure><\/a><!--end av-masonry entry--><a href=\"http:\/\/www.mamilade.de\" aria-label=\"Bild mamilada\" target=\"_blank\" rel=\"noopener noreferrer\" id='av-masonry-1-item-787' data-av-masonry-item='787' class='av-masonry-entry isotope-item post-787 attachment type-attachment status-inherit hentry  av-masonry-item-with-image' title=\"mamilada\" alt=\"Die Besten Ausflugtips f\u00fcr Eltern + Kinder\" data-av-masonry-custom-link=\"http:\/\/www.mamilade.de\" itemprop=\"thumbnailUrl\"><div class='av-inner-masonry-sizer'><\/div><figure class='av-inner-masonry main_color'><div class=\"av-masonry-outerimage-container\"><div class='av-masonry-image-container'   ><img decoding=\"async\" width=\"750\" height=\"430\" fetchpriority=\"high\" class=\"wp-image-787 avia-img-lazy-loading-not-787\"  src=\"https:\/\/fewo-elke-usedom.de\/wp-content\/uploads\/2024\/06\/mamilada-750x430.jpg\" title=\"mamilada\" alt=\"Die Besten Ausflugtips f\u00fcr Eltern + Kinder\" \/><\/div><\/div><figcaption class='av-inner-masonry-content site-background'><div class='av-inner-masonry-content-pos'><div class='av-inner-masonry-content-pos-content'><div class='avia-arrow'><\/div><div class='av-masonry-entry-content entry-content'  itemprop=\"text\" >Mamilada<\/div><\/div><\/div><\/figcaption><\/figure><\/a><!--end av-masonry entry--><a href=\"http:\/\/www.karls.de\/koserow.html\" aria-label=\"Bild karls-erdbeerhof\" target=\"_blank\" rel=\"noopener noreferrer\" id='av-masonry-1-item-786' data-av-masonry-item='786' class='av-masonry-entry isotope-item post-786 attachment type-attachment status-inherit hentry  av-masonry-item-with-image' title=\"karls-erdbeerhof\" alt=\"L\u00e4ndliche Erlebnisse und Attraktionen f\u00fcr Gro\u00df + Klein\" data-av-masonry-custom-link=\"http:\/\/www.karls.de\/koserow.html\" itemprop=\"thumbnailUrl\"><div class='av-inner-masonry-sizer'><\/div><figure class='av-inner-masonry main_color'><div class=\"av-masonry-outerimage-container\"><div class='av-masonry-image-container'   ><img decoding=\"async\" width=\"750\" height=\"430\" fetchpriority=\"high\" class=\"wp-image-786 avia-img-lazy-loading-not-786\"  src=\"https:\/\/fewo-elke-usedom.de\/wp-content\/uploads\/2024\/06\/karls-erdbeerhof-750x430.jpg\" title=\"karls-erdbeerhof\" alt=\"L\u00e4ndliche Erlebnisse und Attraktionen f\u00fcr Gro\u00df + Klein\" \/><\/div><\/div><figcaption class='av-inner-masonry-content site-background'><div class='av-inner-masonry-content-pos'><div class='av-inner-masonry-content-pos-content'><div class='avia-arrow'><\/div><div class='av-masonry-entry-content entry-content'  itemprop=\"text\" >Karls Erlebnisdorf<\/div><\/div><\/div><\/figcaption><\/figure><\/a><!--end av-masonry entry--><a href=\"http:\/\/www.kaiserbaeder-auf-usedom.de\" aria-label=\"Bild dreikaiserbaeder\" target=\"_blank\" rel=\"noopener noreferrer\" id='av-masonry-1-item-796' data-av-masonry-item='796' class='av-masonry-entry isotope-item post-796 attachment type-attachment status-inherit hentry  av-masonry-item-with-image' title=\"dreikaiserbaeder\" alt=\"\" data-av-masonry-custom-link=\"http:\/\/www.kaiserbaeder-auf-usedom.de\" itemprop=\"thumbnailUrl\"><div class='av-inner-masonry-sizer'><\/div><figure class='av-inner-masonry main_color'><div class=\"av-masonry-outerimage-container\"><div class='av-masonry-image-container'   ><img decoding=\"async\" width=\"750\" height=\"430\" fetchpriority=\"high\" class=\"wp-image-796 avia-img-lazy-loading-not-796\"  src=\"https:\/\/fewo-elke-usedom.de\/wp-content\/uploads\/2024\/06\/dreikaiserbaeder-750x430.jpg\" title=\"dreikaiserbaeder\" alt=\"\" \/><\/div><\/div><figcaption class='av-inner-masonry-content site-background'><div class='av-inner-masonry-content-pos'><div class='av-inner-masonry-content-pos-content'><div class='avia-arrow'><\/div><div class='av-masonry-entry-content entry-content'  itemprop=\"text\" >Dreikaiserb\u00e4der<\/div><\/div><\/div><\/figcaption><\/figure><\/a><!--end av-masonry entry--><\/div><\/div><\/p><\/div>\n\n","protected":false},"excerpt":{"rendered":"","protected":false},"author":1,"featured_media":0,"parent":0,"menu_order":0,"comment_status":"open","ping_status":"closed","template":"","meta":{"footnotes":""},"class_list":["post-783","page","type-page","status-publish","hentry"],"yoast_head":"<!-- This site is optimized with the Yoast SEO plugin v24.3 - https:\/\/yoast.com\/wordpress\/plugins\/seo\/ -->\n<title>Ausflugstipps - Ferienwohnung Elke auf Usedom<\/title>\n<meta name=\"robots\" content=\"index, follow, max-snippet:-1, max-image-preview:large, max-video-preview:-1\" \/>\n<link rel=\"canonical\" href=\"https:\/\/fewo-elke-usedom.de\/?page_id=783\" \/>\n<meta property=\"og:locale\" content=\"de_DE\" \/>\n<meta property=\"og:type\" content=\"article\" \/>\n<meta property=\"og:title\" content=\"Ausflugstipps - Ferienwohnung Elke auf Usedom\" \/>\n<meta property=\"og:url\" content=\"https:\/\/fewo-elke-usedom.de\/?page_id=783\" \/>\n<meta property=\"og:site_name\" content=\"Ferienwohnung Elke auf Usedom\" \/>\n<meta property=\"article:modified_time\" content=\"2024-07-01T06:32:36+00:00\" \/>\n<meta name=\"twitter:card\" content=\"summary_large_image\" \/>\n<meta name=\"twitter:label1\" content=\"Est. reading time\" \/>\n\t<meta name=\"twitter:data1\" content=\"6 Minuten\" \/>\n<script type=\"application\/ld+json\" class=\"yoast-schema-graph\">{\"@context\":\"https:\/\/schema.org\",\"@graph\":[{\"@type\":\"WebPage\",\"@id\":\"https:\/\/fewo-elke-usedom.de\/?page_id=783\",\"url\":\"https:\/\/fewo-elke-usedom.de\/?page_id=783\",\"name\":\"Ausflugstipps - Ferienwohnung Elke auf Usedom\",\"isPartOf\":{\"@id\":\"https:\/\/fewo-elke-usedom.de\/#website\"},\"datePublished\":\"2024-06-27T12:36:27+00:00\",\"dateModified\":\"2024-07-01T06:32:36+00:00\",\"breadcrumb\":{\"@id\":\"https:\/\/fewo-elke-usedom.de\/?page_id=783#breadcrumb\"},\"inLanguage\":\"de\",\"potentialAction\":[{\"@type\":\"ReadAction\",\"target\":[\"https:\/\/fewo-elke-usedom.de\/?page_id=783\"]}]},{\"@type\":\"BreadcrumbList\",\"@id\":\"https:\/\/fewo-elke-usedom.de\/?page_id=783#breadcrumb\",\"itemListElement\":[{\"@type\":\"ListItem\",\"position\":1,\"name\":\"Home\",\"item\":\"https:\/\/fewo-elke-usedom.de\/?page_id=624\"},{\"@type\":\"ListItem\",\"position\":2,\"name\":\"Ausflugstipps\"}]},{\"@type\":\"WebSite\",\"@id\":\"https:\/\/fewo-elke-usedom.de\/#website\",\"url\":\"https:\/\/fewo-elke-usedom.de\/\",\"name\":\"Ferienwohnung Elke auf Usedom\",\"description\":\"Ihre Ferienwohnung im Ostseebad Zinnowitz\",\"potentialAction\":[{\"@type\":\"SearchAction\",\"target\":{\"@type\":\"EntryPoint\",\"urlTemplate\":\"https:\/\/fewo-elke-usedom.de\/?s={search_term_string}\"},\"query-input\":{\"@type\":\"PropertyValueSpecification\",\"valueRequired\":true,\"valueName\":\"search_term_string\"}}],\"inLanguage\":\"de\"}]}<\/script>\n<!-- \/ Yoast SEO plugin. -->","yoast_head_json":{"title":"Ausflugstipps - Ferienwohnung Elke auf Usedom","robots":{"index":"index","follow":"follow","max-snippet":"max-snippet:-1","max-image-preview":"max-image-preview:large","max-video-preview":"max-video-preview:-1"},"canonical":"https:\/\/fewo-elke-usedom.de\/?page_id=783","og_locale":"de_DE","og_type":"article","og_title":"Ausflugstipps - Ferienwohnung Elke auf Usedom","og_url":"https:\/\/fewo-elke-usedom.de\/?page_id=783","og_site_name":"Ferienwohnung Elke auf Usedom","article_modified_time":"2024-07-01T06:32:36+00:00","twitter_card":"summary_large_image","twitter_misc":{"Est. reading time":"6 Minuten"},"schema":{"@context":"https:\/\/schema.org","@graph":[{"@type":"WebPage","@id":"https:\/\/fewo-elke-usedom.de\/?page_id=783","url":"https:\/\/fewo-elke-usedom.de\/?page_id=783","name":"Ausflugstipps - Ferienwohnung Elke auf Usedom","isPartOf":{"@id":"https:\/\/fewo-elke-usedom.de\/#website"},"datePublished":"2024-06-27T12:36:27+00:00","dateModified":"2024-07-01T06:32:36+00:00","breadcrumb":{"@id":"https:\/\/fewo-elke-usedom.de\/?page_id=783#breadcrumb"},"inLanguage":"de","potentialAction":[{"@type":"ReadAction","target":["https:\/\/fewo-elke-usedom.de\/?page_id=783"]}]},{"@type":"BreadcrumbList","@id":"https:\/\/fewo-elke-usedom.de\/?page_id=783#breadcrumb","itemListElement":[{"@type":"ListItem","position":1,"name":"Home","item":"https:\/\/fewo-elke-usedom.de\/?page_id=624"},{"@type":"ListItem","position":2,"name":"Ausflugstipps"}]},{"@type":"WebSite","@id":"https:\/\/fewo-elke-usedom.de\/#website","url":"https:\/\/fewo-elke-usedom.de\/","name":"Ferienwohnung Elke auf Usedom","description":"Ihre Ferienwohnung im Ostseebad Zinnowitz","potentialAction":[{"@type":"SearchAction","target":{"@type":"EntryPoint","urlTemplate":"https:\/\/fewo-elke-usedom.de\/?s={search_term_string}"},"query-input":{"@type":"PropertyValueSpecification","valueRequired":true,"valueName":"search_term_string"}}],"inLanguage":"de"}]}},"_links":{"self":[{"href":"https:\/\/fewo-elke-usedom.de\/index.php?rest_route=\/wp\/v2\/pages\/783","targetHints":{"allow":["GET"]}}],"collection":[{"href":"https:\/\/fewo-elke-usedom.de\/index.php?rest_route=\/wp\/v2\/pages"}],"about":[{"href":"https:\/\/fewo-elke-usedom.de\/index.php?rest_route=\/wp\/v2\/types\/page"}],"author":[{"embeddable":true,"href":"https:\/\/fewo-elke-usedom.de\/index.php?rest_route=\/wp\/v2\/users\/1"}],"replies":[{"embeddable":true,"href":"https:\/\/fewo-elke-usedom.de\/index.php?rest_route=%2Fwp%2Fv2%2Fcomments&post=783"}],"version-history":[{"count":14,"href":"https:\/\/fewo-elke-usedom.de\/index.php?rest_route=\/wp\/v2\/pages\/783\/revisions"}],"predecessor-version":[{"id":951,"href":"https:\/\/fewo-elke-usedom.de\/index.php?rest_route=\/wp\/v2\/pages\/783\/revisions\/951"}],"wp:attachment":[{"href":"https:\/\/fewo-elke-usedom.de\/index.php?rest_route=%2Fwp%2Fv2%2Fmedia&parent=783"}],"curies":[{"name":"wp","href":"https:\/\/api.w.org\/{rel}","templated":true}]}}