{"id":156,"date":"2015-07-16T09:12:51","date_gmt":"2015-07-16T09:12:51","guid":{"rendered":"http:\/\/test.kriesi.at\/minimal-portfolio\/?page_id=156"},"modified":"2025-01-31T18:38:48","modified_gmt":"2025-01-31T17:38:48","slug":"contact","status":"publish","type":"page","link":"https:\/\/fewo-elke-usedom.de\/?page_id=156","title":{"rendered":"Kontakt"},"content":{"rendered":"\n<style type=\"text\/css\" data-created_by=\"avia_inline_auto\" id=\"style-css-av-4xhwdw-e31f9e6b4565fdfeae8215a97ad9f566\">\n.avia-section.av-4xhwdw-e31f9e6b4565fdfeae8215a97ad9f566{\nbackground-repeat:no-repeat;\nbackground-image:url(https:\/\/fewo-elke-usedom.de\/wp-content\/uploads\/2024\/06\/strand_sonnenuntergang.jpg);\nbackground-position:50% 50%;\nbackground-attachment:scroll;\n}\n.avia-section.av-4xhwdw-e31f9e6b4565fdfeae8215a97ad9f566 .av-extra-border-element .av-extra-border-inner{\nbackground-color:#ffffff;\n}\n<\/style>\n<div id='av_section_1'  class='avia-section av-4xhwdw-e31f9e6b4565fdfeae8215a97ad9f566 main_color avia-section-no-padding avia-no-border-styling  avia-builder-el-0  el_before_av_section  avia-builder-el-first  avia-full-stretch avia-bg-style-scroll av-arrow-down-section container_wrap fullsize'  data-section-bg-repeat='stretch'><div class='container av-section-cont-open' ><main  role=\"main\" itemprop=\"mainContentOfPage\"  class='template-page content  av-content-full alpha units'><div class='post-entry post-entry-type-page post-entry-156'><div class='entry-content-wrapper clearfix'>\n\n<style type=\"text\/css\" data-created_by=\"avia_inline_auto\" id=\"style-css-av-4quw7w-a1cd6ee20aa657c0345786d261253f46\">\n#top .hr.hr-invisible.av-4quw7w-a1cd6ee20aa657c0345786d261253f46{\nheight:20px;\n}\n<\/style>\n<div  class='hr av-4quw7w-a1cd6ee20aa657c0345786d261253f46 hr-invisible  avia-builder-el-1  el_before_av_one_full  avia-builder-el-first '><span class='hr-inner '><span class=\"hr-inner-style\"><\/span><\/span><\/div>\n\n<style type=\"text\/css\" data-created_by=\"avia_inline_auto\" id=\"style-css-av-4htyos-ab070a81b6a8d0a65d71baf1b29aa41a\">\n.flex_column.av-4htyos-ab070a81b6a8d0a65d71baf1b29aa41a{\nborder-radius:0px 0px 0px 0px;\npadding:25px 25px 25px 25px;\nbackground-color:rgba(255,255,255,0.74);\n}\n<\/style>\n<div  class='flex_column av-4htyos-ab070a81b6a8d0a65d71baf1b29aa41a av_one_full  avia-builder-el-2  el_after_av_hr  el_before_av_hr  first flex_column_div av-animated-generic bottom-to-top avia-full-stretch  '     ><p>\n<style type=\"text\/css\" data-created_by=\"avia_inline_auto\" id=\"style-css-av-lxx2pu6f-d3f58a183eff468463435ea5c22b71af\">\n#top .av-special-heading.av-lxx2pu6f-d3f58a183eff468463435ea5c22b71af{\npadding-bottom:20px;\nfont-size:40px;\n}\nbody .av-special-heading.av-lxx2pu6f-d3f58a183eff468463435ea5c22b71af .av-special-heading-tag .heading-char{\nfont-size:25px;\n}\n#top #wrap_all .av-special-heading.av-lxx2pu6f-d3f58a183eff468463435ea5c22b71af .av-special-heading-tag{\nfont-size:40px;\n}\n.av-special-heading.av-lxx2pu6f-d3f58a183eff468463435ea5c22b71af .av-subheading{\nfont-size:15px;\n}\n\n@media only screen and (min-width: 480px) and (max-width: 767px){ \n#top #wrap_all .av-special-heading.av-lxx2pu6f-d3f58a183eff468463435ea5c22b71af .av-special-heading-tag{\nfont-size:0.8em;\n}\n}\n\n@media only screen and (max-width: 479px){ \n#top #wrap_all .av-special-heading.av-lxx2pu6f-d3f58a183eff468463435ea5c22b71af .av-special-heading-tag{\nfont-size:0.8em;\n}\n}\n<\/style>\n<div  class='av-special-heading av-lxx2pu6f-d3f58a183eff468463435ea5c22b71af av-special-heading-h1 blockquote modern-quote modern-centered  avia-builder-el-3  el_before_av_contact  avia-builder-el-first  av-inherit-size'><h1 class='av-special-heading-tag'  itemprop=\"headline\"  >Buchungsanfrage<\/h1><div class=\"special-heading-border\"><div class=\"special-heading-inner-border\"><\/div><\/div><\/div><br \/>\n<form action=\"https:\/\/fewo-elke-usedom.de\/?page_id=156\" method=\"post\" data-fields-with-error=\"Fehler wurden in folgenden Feld(ern) gefunden:\" class=\"avia_ajax_form av-form-labels-hidden   avia-builder-el-4  el_after_av_heading  avia-builder-el-last  av-custom-form-color av-dark-form \" data-avia-form-id=\"1\" data-avia-redirect='' ><fieldset><p class='  first_form  form_element form_element_half' id='element_avia_1_1'><label for=\"avia_1_1\">Name <abbr class=\"required\" title=\"ben\u00f6tigt\">*<\/abbr><\/label> <input name=\"avia_1_1\" class=\"text_input is_empty\" type=\"text\" id=\"avia_1_1\" value=\"\"  placeholder='Name*'\/><\/p><p class='  form_element form_element_half' id='element_avia_2_1'><label for=\"avia_2_1\">Vorname <abbr class=\"required\" title=\"ben\u00f6tigt\">*<\/abbr><\/label> <input name=\"avia_2_1\" class=\"text_input is_empty\" type=\"text\" id=\"avia_2_1\" value=\"\"  placeholder='Vorname*'\/><\/p><p class='  first_form  form_element form_element_half' id='element_avia_3_1'><label for=\"avia_3_1\">Datum Anreise <abbr class=\"required\" title=\"ben\u00f6tigt\">*<\/abbr><\/label> <input name=\"avia_3_1\" class=\"avia_datepicker text_input is_empty\" type=\"text\" id=\"avia_3_1\" value=\"\" placeholder=\"Datum Anreise*\" inputmode=\"none\" \/><\/p><p class='  form_element form_element_half' id='element_avia_4_1'><label for=\"avia_4_1\">Datum Abreise <abbr class=\"required\" title=\"ben\u00f6tigt\">*<\/abbr><\/label> <input name=\"avia_4_1\" class=\"avia_datepicker text_input is_empty\" type=\"text\" id=\"avia_4_1\" value=\"\" placeholder=\"Datum Abreise*\" inputmode=\"none\" \/><\/p><p class='  first_form  form_element form_element_half' id='element_avia_5_1'><label for=\"avia_5_1\">Alternative Anreise<\/label> <input name=\"avia_5_1\" class=\"avia_datepicker text_input \" type=\"text\" id=\"avia_5_1\" value=\"\" placeholder=\"Alternative Anreise\" inputmode=\"none\" \/><\/p><p class='  form_element form_element_half' id='element_avia_6_1'><label for=\"avia_6_1\">Alternative Abreise<\/label> <input name=\"avia_6_1\" class=\"avia_datepicker text_input \" type=\"text\" id=\"avia_6_1\" value=\"\" placeholder=\"Alternative Abreise\" inputmode=\"none\" \/><\/p><p class='  first_form  form_element form_element_half' id='element_avia_7_1'><label for=\"avia_7_1\">Telefon <abbr class=\"required\" title=\"ben\u00f6tigt\">*<\/abbr><\/label> <input name=\"avia_7_1\" class=\"text_input is_phone\" type=\"text\" id=\"avia_7_1\" value=\"\"  placeholder='Telefon*'\/><\/p><p class='  form_element form_element_half' id='element_avia_8_1'><label for=\"avia_8_1\">E-Mail <abbr class=\"required\" title=\"ben\u00f6tigt\">*<\/abbr><\/label> <input name=\"avia_8_1\" class=\"text_input is_email\" type=\"text\" id=\"avia_8_1\" value=\"\"  placeholder='E-Mail*'\/><\/p><p class='  first_form  form_element form_element_third' id='element_avia_9_1'><label for=\"avia_9_1\">PLZ <abbr class=\"required\" title=\"ben\u00f6tigt\">*<\/abbr><\/label> <input name=\"avia_9_1\" class=\"text_input is_empty\" type=\"text\" id=\"avia_9_1\" value=\"\"  placeholder='PLZ*'\/><\/p><p class='  form_element form_element_third' id='element_avia_10_1'><label for=\"avia_10_1\">Stra\u00dfe <abbr class=\"required\" title=\"ben\u00f6tigt\">*<\/abbr><\/label> <input name=\"avia_10_1\" class=\"text_input is_empty\" type=\"text\" id=\"avia_10_1\" value=\"\"  placeholder='Stra\u00dfe*'\/><\/p><p class='  form_element form_element_third' id='element_avia_11_1'><label for=\"avia_11_1\">Ort <abbr class=\"required\" title=\"ben\u00f6tigt\">*<\/abbr><\/label> <input name=\"avia_11_1\" class=\"text_input is_empty\" type=\"text\" id=\"avia_11_1\" value=\"\"  placeholder='Ort*'\/><\/p><p class='  first_form  form_element form_element_fourth' id='element_avia_12_1'><label for=\"avia_12_1\">Unterkunft <abbr class=\"required\" title=\"ben\u00f6tigt\">*<\/abbr><\/label><select  name=\"avia_12_1\" class=\"select is_empty\" id=\"avia_12_1\"><option class=\"av-placeholder\" disabled=\"disabled\" selected=\"selected\" value=''>Unterkunft*<\/option><option   value='Ferienwohnung'>Ferienwohnung<\/option><option   value='Ferienhaus'>Ferienhaus<\/option><\/select><\/p><p class='  form_element form_element_fourth' id='element_avia_13_1'><label for=\"avia_13_1\">Erwachsene <abbr class=\"required\" title=\"ben\u00f6tigt\">*<\/abbr><\/label><select  name=\"avia_13_1\" class=\"select is_empty\" id=\"avia_13_1\"><option class=\"av-placeholder\" disabled=\"disabled\" selected=\"selected\" value=''>Erwachsene*<\/option><option   value='1'>1<\/option><option   value='2'>2<\/option><option   value=''><\/option><\/select><\/p><p class='  form_element form_element_fourth' id='element_avia_14_1'><label for=\"avia_14_1\">Kinder <abbr class=\"required\" title=\"ben\u00f6tigt\">*<\/abbr><\/label><select  name=\"avia_14_1\" class=\"select is_empty\" id=\"avia_14_1\"><option class=\"av-placeholder\" disabled=\"disabled\" selected=\"selected\" value=''>Kinder*<\/option><option   value='Nein'>Nein<\/option><option   value='1'>1<\/option><option   value=''><\/option><\/select><\/p><p class='  form_element form_element_fourth' id='element_avia_15_1'><label for=\"avia_15_1\">Alter Kinder (Bsp. 5,8,15)<\/label> <input name=\"avia_15_1\" class=\"text_input \" type=\"text\" id=\"avia_15_1\" value=\"\"  placeholder='Alter Kinder (Bsp. 5,8,15)'\/><\/p><p class='  first_form  form_element form_fullwidth' id='element_avia_16_1'><label for=\"avia_16_1\" class=\"textare_label hidden textare_label_avia_16_1\">Mitteilungen W\u00fcnsche<\/label><textarea  placeholder='Mitteilungen W\u00fcnsche' name=\"avia_16_1\" class=\"text_area \" cols=\"40\" rows=\"7\" id=\"avia_16_1\" ><\/textarea><\/p><p class=\"hidden\"><input type=\"text\" name=\"avia_17_1\" class=\"hidden \" id=\"avia_17_1\" value=\"\" \/><\/p><p class=' av_form_privacy_check av_contact_privacy_check first_form  form_element form_fullwidth' id='element_avia_18_1'><input  name=\"avia_18_1\" class=\"input_checkbox is_empty\" type=\"checkbox\" id=\"avia_18_1\" value=\"true\"\/><label class=\"input_checkbox_label\" for=\"avia_18_1\">Ich habe die <a href='https:\/\/fewo-elke-usedom.de\/?page_id=3' target='_blank'>Datenschutzerkl\u00e4rung<\/a> zur Kenntnis genommen. Ich stimme zu, dass meine Angaben und Daten zur Beantwortung meiner Anfrage elektronisch erhoben und gespeichert werden. <abbr class=\"required\" title=\"ben\u00f6tigt\">*<\/abbr><\/label><\/p><p class=\"form_element \"><input type=\"hidden\" value=\"1\" name=\"avia_generated_form1\" \/><input type=\"submit\" value=\"Anfrage senden\" class=\"button\"  data-sending-label=\"Sende\"\/><\/p><\/fieldset><\/form><div id=\"ajaxresponse_1\" class=\"ajaxresponse ajaxresponse_1 hidden\"><\/div><\/p><\/div>\n<style type=\"text\/css\" data-created_by=\"avia_inline_auto\" id=\"style-css-av-114jg-33876c5f75a12ccc81f511ee980de83c\">\n#top .hr.hr-invisible.av-114jg-33876c5f75a12ccc81f511ee980de83c{\nheight:100px;\n}\n<\/style>\n<div  class='hr av-114jg-33876c5f75a12ccc81f511ee980de83c hr-invisible  avia-builder-el-5  el_after_av_one_full  avia-builder-el-last '><span class='hr-inner '><span class=\"hr-inner-style\"><\/span><\/span><\/div>\n<\/div><\/div><\/main><!-- close content main element --><\/div><div class='av-extra-border-element border-extra-arrow-down'><div class='av-extra-border-outer'><div class='av-extra-border-inner'><\/div><\/div><\/div><\/div>\n<style type=\"text\/css\" data-created_by=\"avia_inline_auto\" id=\"style-css-av-lxx53daa-3c7175045fb46a751ba21348c6ad98b3\">\n.avia-section.av-lxx53daa-3c7175045fb46a751ba21348c6ad98b3{\nbackground-repeat:no-repeat;\nbackground-image:url(https:\/\/fewo-elke-usedom.de\/wp-content\/uploads\/2015\/07\/ornament-bg-top-small-1-1.png);\nbackground-position:50% 0%;\nbackground-attachment:scroll;\n}\n.avia-section.av-lxx53daa-3c7175045fb46a751ba21348c6ad98b3 .av-extra-border-element .av-extra-border-inner{\nbackground-color:#ffffff;\n}\n<\/style>\n<div id='av_section_2'  class='avia-section av-lxx53daa-3c7175045fb46a751ba21348c6ad98b3 main_color avia-section-huge avia-no-border-styling  avia-builder-el-6  el_after_av_section  el_before_av_google_map  avia-full-contain avia-bg-style-scroll av-arrow-down-section container_wrap fullsize'  data-section-bg-repeat='contain'><div class='container av-section-cont-open' ><div class='template-page content  av-content-full alpha units'><div class='post-entry post-entry-type-page post-entry-156'><div class='entry-content-wrapper clearfix'>\n\n<style type=\"text\/css\" data-created_by=\"avia_inline_auto\" id=\"style-css-av-lxx5iqr9-9d46bc25ec85da780a0d5b1e44b793b2\">\n#top .flex_column.av-lxx5iqr9-9d46bc25ec85da780a0d5b1e44b793b2{\nmargin-top:-200px;\nmargin-bottom:-50px;\n}\n.flex_column.av-lxx5iqr9-9d46bc25ec85da780a0d5b1e44b793b2{\nborder-radius:0px 0px 0px 0px;\npadding:30px 30px 30px 30px;\nbackground-color:#ffffff;\n}\n.responsive #top #wrap_all .flex_column.av-lxx5iqr9-9d46bc25ec85da780a0d5b1e44b793b2{\nmargin-top:-200px;\nmargin-bottom:-50px;\n}\n<\/style>\n<div  class='flex_column av-lxx5iqr9-9d46bc25ec85da780a0d5b1e44b793b2 av_one_full  avia-builder-el-7  avia-builder-el-no-sibling  first flex_column_div  '     ><p>\n<style type=\"text\/css\" data-created_by=\"avia_inline_auto\" id=\"style-css-av-lxx597jh-b059db3bb9b9d751db971888e55b7bc2\">\n#top .av-special-heading.av-lxx597jh-b059db3bb9b9d751db971888e55b7bc2{\npadding-bottom:20px;\nfont-size:40px;\n}\nbody .av-special-heading.av-lxx597jh-b059db3bb9b9d751db971888e55b7bc2 .av-special-heading-tag .heading-char{\nfont-size:25px;\n}\n#top #wrap_all .av-special-heading.av-lxx597jh-b059db3bb9b9d751db971888e55b7bc2 .av-special-heading-tag{\nfont-size:40px;\n}\n.av-special-heading.av-lxx597jh-b059db3bb9b9d751db971888e55b7bc2 .av-subheading{\nfont-size:15px;\n}\n\n@media only screen and (min-width: 480px) and (max-width: 767px){ \n#top #wrap_all .av-special-heading.av-lxx597jh-b059db3bb9b9d751db971888e55b7bc2 .av-special-heading-tag{\nfont-size:0.8em;\n}\n}\n\n@media only screen and (max-width: 479px){ \n#top #wrap_all .av-special-heading.av-lxx597jh-b059db3bb9b9d751db971888e55b7bc2 .av-special-heading-tag{\nfont-size:0.8em;\n}\n}\n<\/style>\n<div  class='av-special-heading av-lxx597jh-b059db3bb9b9d751db971888e55b7bc2 av-special-heading-h1 blockquote modern-quote modern-centered  avia-builder-el-8  el_before_av_textblock  avia-builder-el-first  av-inherit-size'><h1 class='av-special-heading-tag'  itemprop=\"headline\"  >Kontakt<\/h1><div class=\"special-heading-border\"><div class=\"special-heading-inner-border\"><\/div><\/div><\/div><br \/>\n\n<style type=\"text\/css\" data-created_by=\"avia_inline_auto\" id=\"style-css-av-6pbmc-ea5e14cdea777f3cef23c4d4c171f45a\">\n#top .av_textblock_section.av-6pbmc-ea5e14cdea777f3cef23c4d4c171f45a .avia_textblock{\ntext-align:center;\n}\n<\/style>\n<section  class='av_textblock_section av-6pbmc-ea5e14cdea777f3cef23c4d4c171f45a '   itemscope=\"itemscope\" itemtype=\"https:\/\/schema.org\/CreativeWork\" ><div class='avia_textblock'  itemprop=\"text\" ><div class=\"wpb_text_column\">\n<div class=\"wpb_wrapper\">\n<h4>Senden Sie uns eine Nachricht<\/h4>\n<p><strong><span class=\"s1\">Sie Sie haben Fragen zu unseren Ferienwohnungen?<br \/>\n<\/span><\/strong><strong><span class=\"s1\">Wir stehen Ihnen mit Rat und Tat zur Seite. <\/span><\/strong><\/p>\n<p><strong>Rufen Sie uns einfach an<\/strong> oder nehmen <strong>Kontakt via Kontaktformular oder Email mit uns auf.<\/strong><\/p>\n<p>F\u00fcr Fragen zu Ihrem n\u00e4chsten Aufenthalt in Zinnowitz sind wir t\u00e4glich von 8.00 Uhr bis 20.30 Uhr f\u00fcr Sie erreichbar.<\/p>\n<\/div>\n<div class=\"wpb_wrapper\"><\/div>\n<\/div>\n<\/div><\/section><br \/>\n\n<style type=\"text\/css\" data-created_by=\"avia_inline_auto\" id=\"style-css-av-5rnfg-9bc99aca34938a138eb405db790be1da\">\n#top .av_textblock_section.av-5rnfg-9bc99aca34938a138eb405db790be1da .avia_textblock{\ntext-align:center;\n}\n<\/style>\n<section  class='av_textblock_section av-5rnfg-9bc99aca34938a138eb405db790be1da '   itemscope=\"itemscope\" itemtype=\"https:\/\/schema.org\/CreativeWork\" ><div class='avia_textblock'  itemprop=\"text\" ><p><strong>Ferienwohnungen Elke Nitschke<\/strong><br \/>\nWiesenweg 10 \u2022 17454 Ostseebad Zinnowitz<\/p>\n<p>Tel: 038377 &#8211; 4 04 54<br \/>\nMobil: 0172 &#8211; 3 24 92 87<br \/>\nE-Mail: <a href=\"mailto:info@fewo-elke-usedom.de\">info@fewo-elke-usedom.de<\/a><\/p>\n<\/div><\/section><\/p><\/div>\n<\/p>\n<div  class='av_gmaps_sc_main_wrap av_gmaps_main_wrap '><div id='av_gmap_0' class='avia-google-map-container avia-google-map-sc av_gmaps_show_unconditionally av-no-fallback-img ' data-mapid='av_gmap_0'  style='height: 550px;'><a class=\"av_gmaps_browser_disabled av_text_confirm_link av_text_confirm_link_visible\" href=\"https:\/\/www.google.com\/maps\/search\/?api=1&#038;query=Wiesenweg%2010%2017454%20Zinnowitz%20%20Deutschland\" target=\"_blank\" rel=\"noopener\">Aufgrund deiner Datenschutz-Einstellungen k\u00f6nnen wir Ihnen die Karte nicht anzeigen. Klicken Sie hier, um die Karte in einem neuen Fenster zu \u00f6ffnen.<\/a><\/div><\/div>\n","protected":false},"excerpt":{"rendered":"","protected":false},"author":1,"featured_media":0,"parent":0,"menu_order":0,"comment_status":"open","ping_status":"open","template":"","meta":{"footnotes":""},"class_list":["post-156","page","type-page","status-publish","hentry"],"yoast_head":"<!-- This site is optimized with the Yoast SEO plugin v24.3 - https:\/\/yoast.com\/wordpress\/plugins\/seo\/ -->\n<title>Kontakt - Ferienwohnung Elke auf Usedom<\/title>\n<meta name=\"robots\" content=\"index, follow, max-snippet:-1, max-image-preview:large, max-video-preview:-1\" \/>\n<link rel=\"canonical\" href=\"https:\/\/fewo-elke-usedom.de\/?page_id=156\" \/>\n<meta property=\"og:locale\" content=\"de_DE\" \/>\n<meta property=\"og:type\" content=\"article\" \/>\n<meta property=\"og:title\" content=\"Kontakt - Ferienwohnung Elke auf Usedom\" \/>\n<meta property=\"og:url\" content=\"https:\/\/fewo-elke-usedom.de\/?page_id=156\" \/>\n<meta property=\"og:site_name\" content=\"Ferienwohnung Elke auf Usedom\" \/>\n<meta property=\"article:modified_time\" content=\"2025-01-31T17:38:48+00:00\" \/>\n<meta name=\"twitter:card\" content=\"summary_large_image\" \/>\n<meta name=\"twitter:label1\" content=\"Est. reading time\" \/>\n\t<meta name=\"twitter:data1\" content=\"1 Minute\" \/>\n<script type=\"application\/ld+json\" class=\"yoast-schema-graph\">{\"@context\":\"https:\/\/schema.org\",\"@graph\":[{\"@type\":\"WebPage\",\"@id\":\"https:\/\/fewo-elke-usedom.de\/?page_id=156\",\"url\":\"https:\/\/fewo-elke-usedom.de\/?page_id=156\",\"name\":\"Kontakt - Ferienwohnung Elke auf Usedom\",\"isPartOf\":{\"@id\":\"https:\/\/fewo-elke-usedom.de\/#website\"},\"datePublished\":\"2015-07-16T09:12:51+00:00\",\"dateModified\":\"2025-01-31T17:38:48+00:00\",\"breadcrumb\":{\"@id\":\"https:\/\/fewo-elke-usedom.de\/?page_id=156#breadcrumb\"},\"inLanguage\":\"de\",\"potentialAction\":[{\"@type\":\"ReadAction\",\"target\":[\"https:\/\/fewo-elke-usedom.de\/?page_id=156\"]}]},{\"@type\":\"BreadcrumbList\",\"@id\":\"https:\/\/fewo-elke-usedom.de\/?page_id=156#breadcrumb\",\"itemListElement\":[{\"@type\":\"ListItem\",\"position\":1,\"name\":\"Home\",\"item\":\"https:\/\/fewo-elke-usedom.de\/?page_id=624\"},{\"@type\":\"ListItem\",\"position\":2,\"name\":\"Kontakt\"}]},{\"@type\":\"WebSite\",\"@id\":\"https:\/\/fewo-elke-usedom.de\/#website\",\"url\":\"https:\/\/fewo-elke-usedom.de\/\",\"name\":\"Ferienwohnung Elke auf Usedom\",\"description\":\"Ihre Ferienwohnung im Ostseebad Zinnowitz\",\"potentialAction\":[{\"@type\":\"SearchAction\",\"target\":{\"@type\":\"EntryPoint\",\"urlTemplate\":\"https:\/\/fewo-elke-usedom.de\/?s={search_term_string}\"},\"query-input\":{\"@type\":\"PropertyValueSpecification\",\"valueRequired\":true,\"valueName\":\"search_term_string\"}}],\"inLanguage\":\"de\"}]}<\/script>\n<!-- \/ Yoast SEO plugin. -->","yoast_head_json":{"title":"Kontakt - Ferienwohnung Elke auf Usedom","robots":{"index":"index","follow":"follow","max-snippet":"max-snippet:-1","max-image-preview":"max-image-preview:large","max-video-preview":"max-video-preview:-1"},"canonical":"https:\/\/fewo-elke-usedom.de\/?page_id=156","og_locale":"de_DE","og_type":"article","og_title":"Kontakt - Ferienwohnung Elke auf Usedom","og_url":"https:\/\/fewo-elke-usedom.de\/?page_id=156","og_site_name":"Ferienwohnung Elke auf Usedom","article_modified_time":"2025-01-31T17:38:48+00:00","twitter_card":"summary_large_image","twitter_misc":{"Est. reading time":"1 Minute"},"schema":{"@context":"https:\/\/schema.org","@graph":[{"@type":"WebPage","@id":"https:\/\/fewo-elke-usedom.de\/?page_id=156","url":"https:\/\/fewo-elke-usedom.de\/?page_id=156","name":"Kontakt - Ferienwohnung Elke auf Usedom","isPartOf":{"@id":"https:\/\/fewo-elke-usedom.de\/#website"},"datePublished":"2015-07-16T09:12:51+00:00","dateModified":"2025-01-31T17:38:48+00:00","breadcrumb":{"@id":"https:\/\/fewo-elke-usedom.de\/?page_id=156#breadcrumb"},"inLanguage":"de","potentialAction":[{"@type":"ReadAction","target":["https:\/\/fewo-elke-usedom.de\/?page_id=156"]}]},{"@type":"BreadcrumbList","@id":"https:\/\/fewo-elke-usedom.de\/?page_id=156#breadcrumb","itemListElement":[{"@type":"ListItem","position":1,"name":"Home","item":"https:\/\/fewo-elke-usedom.de\/?page_id=624"},{"@type":"ListItem","position":2,"name":"Kontakt"}]},{"@type":"WebSite","@id":"https:\/\/fewo-elke-usedom.de\/#website","url":"https:\/\/fewo-elke-usedom.de\/","name":"Ferienwohnung Elke auf Usedom","description":"Ihre Ferienwohnung im Ostseebad Zinnowitz","potentialAction":[{"@type":"SearchAction","target":{"@type":"EntryPoint","urlTemplate":"https:\/\/fewo-elke-usedom.de\/?s={search_term_string}"},"query-input":{"@type":"PropertyValueSpecification","valueRequired":true,"valueName":"search_term_string"}}],"inLanguage":"de"}]}},"_links":{"self":[{"href":"https:\/\/fewo-elke-usedom.de\/index.php?rest_route=\/wp\/v2\/pages\/156","targetHints":{"allow":["GET"]}}],"collection":[{"href":"https:\/\/fewo-elke-usedom.de\/index.php?rest_route=\/wp\/v2\/pages"}],"about":[{"href":"https:\/\/fewo-elke-usedom.de\/index.php?rest_route=\/wp\/v2\/types\/page"}],"author":[{"embeddable":true,"href":"https:\/\/fewo-elke-usedom.de\/index.php?rest_route=\/wp\/v2\/users\/1"}],"replies":[{"embeddable":true,"href":"https:\/\/fewo-elke-usedom.de\/index.php?rest_route=%2Fwp%2Fv2%2Fcomments&post=156"}],"version-history":[{"count":67,"href":"https:\/\/fewo-elke-usedom.de\/index.php?rest_route=\/wp\/v2\/pages\/156\/revisions"}],"predecessor-version":[{"id":1069,"href":"https:\/\/fewo-elke-usedom.de\/index.php?rest_route=\/wp\/v2\/pages\/156\/revisions\/1069"}],"wp:attachment":[{"href":"https:\/\/fewo-elke-usedom.de\/index.php?rest_route=%2Fwp%2Fv2%2Fmedia&parent=156"}],"curies":[{"name":"wp","href":"https:\/\/api.w.org\/{rel}","templated":true}]}}